{"id":1383,"date":"2025-05-28T07:52:57","date_gmt":"2025-05-28T07:52:57","guid":{"rendered":"https:\/\/mireiacrea.com\/politica-de-privacidad\/"},"modified":"2025-05-28T13:30:19","modified_gmt":"2025-05-28T13:30:19","slug":"politica-de-privacidad","status":"publish","type":"page","link":"https:\/\/mireiacrea.com\/es\/politica-de-privacidad\/","title":{"rendered":"Pol\u00edtica de privacidad y Protecci\u00f3n de datos"},"content":{"rendered":"\n<section class=\"gbp-section\">\n<div class=\"gbp-section__inner section-px\">\n<h1 class=\"gb-text\">Pol\u00edtica de privacidad y Protecci\u00f3n de datos<\/h1>\n\n\n\n<p>Mireia Crea te informa sobre su Pol\u00edtica de Privacidad respecto del tratamiento y protecci\u00f3n de los datos de car\u00e1cter personal de los usuarios y clientes que puedan ser recabados por la navegaci\u00f3n o contrataci\u00f3n de servicios a trav\u00e9s de este sitio web.<\/p>\n\n\n\n<p>En este sentido, Mireia Crea garantiza el cumplimiento de la normativa vigente en materia de protecci\u00f3n de datos personales, reflejada en la Ley Org\u00e1nica 3\/2018, de 5 de diciembre, de Protecci\u00f3n de Datos Personales y de Garant\u00eda de Derechos Digitales (LOPD GDD). Cumple tambi\u00e9n con el Reglamento (UE) 2016\/679 del Parlamento Europeo y del Consejo de 27 de abril de 2016 relativo a la protecci\u00f3n de las personas f\u00edsicas (RGPD).<\/p>\n\n\n\n<p>El uso de este sitio web implica la aceptaci\u00f3n de esta Pol\u00edtica de Privacidad as\u00ed como las condiciones incluidas en el Aviso Legal.<\/p>\n\n\n\n<h3 class=\"wp-block-heading\">&nbsp;<\/h3>\n\n\n\n<h3 class=\"wp-block-heading\">Responsable del tratamiento de tus datos personales<\/h3>\n\n\n\n<p>Identidad del responsable:<\/p>\n\n\n\n<p>Mireia Serra Poch<\/p>\n\n\n\n<p><strong>Nombre comercial:<\/strong>&nbsp;Mireia Crea<\/p>\n\n\n\n<p><strong>NIF\/CIF:<\/strong>&nbsp;52594923H<\/p>\n\n\n\n<p><strong>Correo electr\u00f3nico:<\/strong>&nbsp;<a href=\"mailto:info@mireia.local\">info@mireia.local<\/a><\/p>\n\n\n\n<p><strong>Actividad:<\/strong>&nbsp;comercio al por menor de l\u00e1minas ilustradas<\/p>\n\n\n\n<p><strong>Sitio web:<\/strong>&nbsp;<a href=\"http:\/\/mireia.local\/\">mireiacrea.com<\/a><\/p>\n\n\n\n<h3 class=\"wp-block-heading\">Principios aplicados en el tratamiento de tus datos personales<\/h3>\n\n\n\n<p>En el tratamiento de tus datos personales, Mireia Crea aplicar\u00e1 los siguientes principios que se ajustan a las exigencias del nuevo reglamento europeo de protecci\u00f3n de datos:<\/p>\n\n\n\n<p>Principio de licitud, lealtad y transparencia: Mireia Crea siempre requerir\u00e1 el consentimiento para el tratamiento de tus datos personales que puede ser para uno o varios fines espec\u00edficos sobre los que te informar\u00e1 previamente con absoluta transparencia.<\/p>\n\n\n\n<p>Principio de minimizaci\u00f3n de datos: Mireia Crea te solicitar\u00e1 solo los datos estrictamente necesarios para el fin o los fines que los solicita.<\/p>\n\n\n\n<p>Principio de limitaci\u00f3n del plazo de conservaci\u00f3n: Los datos se mantendr\u00e1n durante el tiempo estrictamente necesario para el fin o los fines del tratamiento. Mireia Crea te informar\u00e1 del plazo de conservaci\u00f3n correspondiente seg\u00fan la finalidad. En el caso de suscripciones, Mireia Crea revisar\u00e1 peri\u00f3dicamente las listas y eliminar\u00e1 aquellos registros inactivos durante un tiempo considerable.<\/p>\n\n\n\n<p>Principio de integridad y confidencialidad: Tus datos ser\u00e1n tratados de tal manera que su seguridad, confidencialidad e integridad est\u00e9 garantizada. Debes saber que Mireia Crea toma las precauciones necesarias para evitar el acceso no autorizado o uso indebido de los datos de sus usuarios por parte de terceros.<\/p>\n\n\n\n<h3 class=\"wp-block-heading\">&nbsp;<\/h3>\n\n\n\n<h3 class=\"wp-block-heading\">Obtenci\u00f3n de datos personales<\/h3>\n\n\n\n<p>Para navegar por este sitio web no es necesario que facilites ning\u00fan dato personal. Los casos en los que s\u00ed proporcionas tus datos personales son los siguientes:<\/p>\n\n\n\n<ul class=\"wp-block-list\">\n<li>Al contactar a trav\u00e9s de los formularios de contacto o enviar un correo electr\u00f3nico.<\/li>\n\n\n\n<li>Al comprar alguno de los art\u00edculos de la tienda.<\/li>\n<\/ul>\n\n\n\n<h3 class=\"wp-block-heading\">&nbsp;<\/h3>\n\n\n\n<h3 class=\"wp-block-heading\">Tus derechos<\/h3>\n\n\n\n<p>Mireiacrea te informa que sobre tus datos personales tienes derecho a:<\/p>\n\n\n\n<ul class=\"wp-block-list\">\n<li>Solicitar el acceso a los datos almacenados<\/li>\n\n\n\n<li>Solicitar una rectificaci\u00f3n o la cancelaci\u00f3n<\/li>\n\n\n\n<li>Solicitar la limitaci\u00f3n de su tratamiento<\/li>\n\n\n\n<li>Oponerte al tratamiento<\/li>\n\n\n\n<li>Solicitar la portabilidad de tus datos<\/li>\n<\/ul>\n\n\n\n<h3 class=\"wp-block-heading\">&nbsp;<\/h3>\n\n\n\n<p>El ejercicio de estos derechos es personal y por tanto debe ser ejercido directamente por el interesado, solicit\u00e1ndolo directamente a Mireia Crea, lo que significa que cualquier cliente, suscriptor o colaborador que haya facilitado sus datos en alg\u00fan momento puede dirigirse a Mireia Crea y pedir informaci\u00f3n sobre los datos que tiene almacenados y c\u00f3mo los ha obtenido, solicitar la rectificaci\u00f3n de los mismos, solicitar la portabilidad de sus datos personales, oponerse al tratamiento, limitar su uso o solicitar la cancelaci\u00f3n de esos datos en los ficheros de Mireia Crea.<\/p>\n\n\n\n<p>Para ejercitar tus derechos de acceso, rectificaci\u00f3n, cancelaci\u00f3n, portabilidad y oposici\u00f3n tienes que enviar un correo electr\u00f3nico a&nbsp;info@mireia.local&nbsp;junto con la prueba v\u00e1lida en derecho como una fotocopia del DNI o equivalente.<\/p>\n\n\n\n<p>Tienes derecho a la tutela judicial efectiva y a presentar una reclamaci\u00f3n ante la autoridad de control, en este caso, la Agencia Espa\u00f1ola de Protecci\u00f3n de Datos, si consideras que el tratamiento de datos personales que te conciernen infringe el Reglamento.<\/p>\n\n\n\n<h3 class=\"wp-block-heading\">&nbsp;<\/h3>\n\n\n\n<h3 class=\"wp-block-heading\">Finalidad del tratamiento de los datos personales<\/h3>\n\n\n\n<p>En esta p\u00e1gina tratamos la informaci\u00f3n que nos facilitas con el fin de prestar el servicio solicitado y realizar la facturaci\u00f3n del mismo.&nbsp;<\/p>\n\n\n\n<p>Mireia Crea solicita datos personales entre los que pueden estar: nombre y apellidos, direcci\u00f3n de correo electr\u00f3nico, n\u00famero de tel\u00e9fono y direcci\u00f3n con la finalidad de prestar el servicio solicitado, enviar un art\u00edculo y para dar respuesta a tus mensajes, dudas, quejas, comentarios o inquietudes que puedas tener relativas a la informaci\u00f3n incluida en el sitio web, los servicios que se prestan a trav\u00e9s del mismo, el tratamiento de tus datos personales, cuestiones referentes a los textos legales incluidos en este sitio web, as\u00ed como cualquier otra consulta que puedas tener.<\/p>\n\n\n\n<h3 class=\"wp-block-heading\">&nbsp;<\/h3>\n\n\n\n<h3 class=\"wp-block-heading\">Pol\u00edtica de cookies<\/h3>\n\n\n\n<p>Para que este sitio Web funcione correctamente necesita utilizar cookies, que es una informaci\u00f3n que se almacena en tu navegador web.<\/p>\n\n\n\n<h3 class=\"wp-block-heading\">&nbsp;<\/h3>\n\n\n\n<h3 class=\"wp-block-heading\">Legitimaci\u00f3n para el tratamiento de tus datos personales<\/h3>\n\n\n\n<p>La base legal para el tratamiento de tus datos es: el consentimiento. Para contactar con Mireia Crea, suscribirte a un bolet\u00edn o realizar comentarios en este sitio web tienes que aceptar la presente Pol\u00edtica de Privacidad.<\/p>\n\n\n\n<h3 class=\"wp-block-heading\">&nbsp;<\/h3>\n\n\n\n<h3 class=\"wp-block-heading\">Exactitud y veracidad<\/h3>\n\n\n\n<p>Te comprometes a que los datos facilitados a Mireia Crea sean correctos, completos, exactos y vigentes, as\u00ed como a mantenerlos debidamente actualizados. Como usuario del sitio web eres el \u00fanico responsable de la veracidad y correcci\u00f3n de los datos que remitas al sitio exonerando a Mireia Crea de cualquier responsabilidad al respecto.<\/p>\n\n\n\n<h3 class=\"wp-block-heading\">&nbsp;<\/h3>\n\n\n\n<h3 class=\"wp-block-heading\">Aceptaci\u00f3n y consentimiento<\/h3>\n\n\n\n<p>Como Usuario del sitio Web declaras haber sido informado de las condiciones sobre protecci\u00f3n de datos de car\u00e1cter personal, aceptas y consientes el tratamiento de los mismos por parte de Mireia Crea en la forma y para las finalidades indicadas en esta Pol\u00edtica de Privacidad.<\/p>\n\n\n\n<h3 class=\"wp-block-heading\">&nbsp;<\/h3>\n\n\n\n<h3 class=\"wp-block-heading\">Derechos de propiedad intelectual<\/h3>\n\n\n\n<p>En virtud de lo dispuesto en los art\u00edculos 8 y 32.1, p\u00e1rrafo segundo, de la Ley de Propiedad Intelectual, quedan expresamente prohibidas la reproducci\u00f3n, la distribuci\u00f3n y la comunicaci\u00f3n p\u00fablica, incluida su modalidad de puesta a disposici\u00f3n, de la totalidad o parte de los contenidos de esta p\u00e1gina web con fines comerciales, en cualquier soporte y por cualquier medio t\u00e9cnico, sin la autorizaci\u00f3n de Mireia Crea. El usuario se compromete a respetar los derechos de Propiedad Intelectual titularidad de Mireia Crea.<br><br>El usuario conoce y acepta que la totalidad del sitio web, conteniendo sin car\u00e1cter exhaustivo el texto, software, contenidos (incluyendo estructura, selecci\u00f3n, ordenaci\u00f3n y presentaci\u00f3n de los mismos) podcast, fotograf\u00edas, material audiovisual y gr\u00e1ficos, est\u00e1 protegida por marcas, derechos de autor y otros derechos leg\u00edtimos, de acuerdo con los tratados internacionales en los que Espa\u00f1a es parte y otros derechos de propiedad y leyes de Espa\u00f1a.<br><br>La ley de Propiedad Intelectual Espa\u00f1ola especifica que la compra de la obra otorga al comprador la propiedad del soporte f\u00edsico que contiene la obra pero no adquiere bajo ning\u00fan concepto la propiedad intelectual de la obra misma. Su reproducci\u00f3n y distribuci\u00f3n es un derecho exclusivo del autor.<\/p>\n<\/div>\n<\/section>\n","protected":false},"excerpt":{"rendered":"<p>Pol\u00edtica de privacidad y Protecci\u00f3n de datos Mireia Crea te informa sobre su Pol\u00edtica de Privacidad respecto del tratamiento y protecci\u00f3n de los datos de car\u00e1cter personal de los usuarios y clientes que puedan ser recabados por la navegaci\u00f3n o contrataci\u00f3n de servicios a trav\u00e9s de este sitio web. En este sentido, Mireia Crea garantiza &#8230; <a title=\"Pol\u00edtica de privacidad y Protecci\u00f3n de datos\" class=\"read-more\" href=\"https:\/\/mireiacrea.com\/es\/politica-de-privacidad\/\" aria-label=\"Leer m\u00e1s sobre Pol\u00edtica de privacidad y Protecci\u00f3n de datos\">Leer m\u00e1s<\/a><\/p>\n","protected":false},"author":1,"featured_media":0,"parent":0,"menu_order":0,"comment_status":"closed","ping_status":"closed","template":"","meta":{"_acf_changed":false,"footnotes":""},"class_list":["post-1383","page","type-page","status-publish","format-standard"],"acf":[],"_links":{"self":[{"href":"https:\/\/mireiacrea.com\/es\/wp-json\/wp\/v2\/pages\/1383","targetHints":{"allow":["GET"]}}],"collection":[{"href":"https:\/\/mireiacrea.com\/es\/wp-json\/wp\/v2\/pages"}],"about":[{"href":"https:\/\/mireiacrea.com\/es\/wp-json\/wp\/v2\/types\/page"}],"author":[{"embeddable":true,"href":"https:\/\/mireiacrea.com\/es\/wp-json\/wp\/v2\/users\/1"}],"replies":[{"embeddable":true,"href":"https:\/\/mireiacrea.com\/es\/wp-json\/wp\/v2\/comments?post=1383"}],"version-history":[{"count":1,"href":"https:\/\/mireiacrea.com\/es\/wp-json\/wp\/v2\/pages\/1383\/revisions"}],"predecessor-version":[{"id":1384,"href":"https:\/\/mireiacrea.com\/es\/wp-json\/wp\/v2\/pages\/1383\/revisions\/1384"}],"wp:attachment":[{"href":"https:\/\/mireiacrea.com\/es\/wp-json\/wp\/v2\/media?parent=1383"}],"curies":[{"name":"wp","href":"https:\/\/api.w.org\/{rel}","templated":true}]}}